{"id":66,"date":"2019-08-29T09:23:40","date_gmt":"2019-08-29T06:23:40","guid":{"rendered":"https:\/\/themes.getmotopress.com\/booklium-apartment\/?page_id=66"},"modified":"2023-08-14T17:33:39","modified_gmt":"2023-08-14T14:33:39","slug":"terms-conditions","status":"publish","type":"page","link":"https:\/\/villasenecio.gr\/it\/terms-conditions\/","title":{"rendered":"Termini e condizioni"},"content":{"rendered":"<p><\/p>\n\n\n\n<p><strong>1. Prenotazioni<\/strong><\/p>\n\n\n\n<p>Effettuando una prenotazione, il cliente dichiara di essere a conoscenza e di accettare pienamente le politiche di alloggio, prenotazione, pagamento e cancellazione della struttura.<\/p>\n\n\n\n<p>I prezzi indicati sono comprensivi di tutte le tasse legali e sono espressi in euro a notte.<\/p>\n\n\n\n<p><strong>2. Anticipi<\/strong><\/p>\n\n\n\n<p>L'acconto e l'invio della relativa ricevuta devono essere effettuati al momento dell'invio del modulo di prenotazione sul nostro sito web.<\/p>\n\n\n\n<p>In tutti i casi in cui la direzione non venga informata della prenotazione o il deposito non venga pagato e la relativa ricevuta non venga inviata, la propriet\u00e0 ha il diritto di cancellare la prenotazione senza ulteriore preavviso.<\/p>\n\n\n\n<p><strong>Prenotazioni da 1 a 30 giorni:<\/strong><br>Per le prenotazioni fino a 30 giorni, per la conferma \u00e8 richiesto un deposito del 35% dell'importo totale della prenotazione.<\/p>\n\n\n\n<p><strong>Prenotazioni oltre i 30 giorni:<\/strong><br>Per prenotazioni superiori a 30 giorni, per la conferma \u00e8 richiesto un deposito del 50% dell'importo totale della prenotazione.<\/p>\n\n\n\n<p>Le spese di anticipo, in caso di deposito bancario, sono a carico del cliente.<\/p>\n\n\n\n<p><strong>3. Politica di cancellazione<\/strong><\/p>\n\n\n\n<p>La direzione dell'alloggio chiede ai clienti di informarci il prima possibile e per iscritto alla nostra e-mail di eventuali modifiche o cancellazioni relative alla loro prenotazione.<\/p>\n\n\n\n<ul>\n<li>In caso di cancellazione della prenotazione a pi\u00f9 di 30 giorni dall'arrivo previsto (check-in) non \u00e8 previsto alcun addebito finanziario e la caparra \u00e8 rimborsabile (ad eccezione dei 10 euro di tassa per eventuali commissioni ecc.)<\/li>\n\n\n\n<li>In caso di cancellazione meno di 30 giorni e fino a 14 giorni prima dell'arrivo previsto (check-in), al cliente verr\u00e0 addebitato il 50% della caparra versata. Il restante 50% \u00e8 rimborsabile.<\/li>\n\n\n\n<li>In caso di cancellazione della prenotazione a meno di 14 giorni dall'arrivo previsto (check-in) o di mancata presentazione all'alloggio, verr\u00e0 addebitato il 100% del deposito.<\/li>\n\n\n\n<li>In caso di partenza anticipata rispetto alla data di partenza prevista (check-out), il cliente \u00e8 tenuto a risarcire la struttura ricettiva con il 100% del soggiorno che non avr\u00e0 luogo.<\/li>\n<\/ul>\n\n\n\n<p><strong>Cancellazioni nel bel mezzo della pandemia COVID-19<\/strong><br>Nel caso in cui le decisioni governative legate alla pandemia vietino o limitino la libera circolazione o la possibilit\u00e0 di entrare nel Paese, e siate quindi costretti a cancellare la vostra prenotazione, vi sar\u00e0 rimborsato il 100% della caparra (solo le eventuali spese bancarie sostenute dalla struttura ricettiva).<\/p>\n\n\n\n<p><strong>4. Arrivo \/ Partenza<\/strong><\/p>\n\n\n\n<p>Al momento dell'arrivo presso la nostra struttura, \u00e8 necessario portare con s\u00e9 la carta d'identit\u00e0 o il passaporto, nonch\u00e9 una ricevuta elettronica o una copia della conferma della prenotazione effettuata tramite il modulo di contatto via e-mail. La struttura potrebbe rifiutarsi di fornire servizi a un ospite che non presenta un documento di identit\u00e0.<\/p>\n\n\n\n<p>Gli orari di arrivo e partenza, se non diversamente concordato, sono i seguenti:<\/p>\n\n\n\n<ul>\n<li>Arrivo (check-in): 17:00 o pi\u00f9 tardi<\/li>\n\n\n\n<li>Check-out: 11:00 o prima<\/li>\n<\/ul>\n\n\n\n<p>La possibilit\u00e0 di prolungare l'orario di partenza dopo le 11:00 dipende dall'occupazione dell'alloggio ed \u00e8 soggetta a un supplemento come segue:<\/p>\n\n\n\n<ul>\n<li>Check-out fino alle 17:00 al costo di 30 euro a persona.<\/li>\n\n\n\n<li>Per le partenze dopo le 17:00 al cliente verr\u00e0 addebitato il 100% del costo giornaliero.<\/li>\n<\/ul>\n\n\n\n<p><strong>5<\/strong><strong>. <\/strong><strong>Sistemazione<\/strong><strong><\/strong><\/p>\n\n\n\n<p>La propriet\u00e0 dispone di un sistema di sorveglianza a circuito chiuso nelle aree di parcheggio e nelle aree di ingresso e uscita della propriet\u00e0. Utilizzando i servizi della struttura ricettiva, l'utente acconsente a essere monitorato da un sistema di sorveglianza a circuito chiuso.<\/p>\n\n\n\n<p>La sicurezza dei minori nell'intera struttura ricettiva \u00e8 di esclusiva responsabilit\u00e0 dei genitori\/tutori e dei loro accompagnatori.<\/p>\n\n\n\n<p>Gli orari di silenzio comuni devono essere rispettati da tutti per il corretto funzionamento dell'alloggio.<\/p>\n\n\n\n<p>\u00c8 vietato l'uso dell'alloggio da parte di terzi.<\/p>\n\n\n\n<p>\u00c8 vietato alloggiare in alloggi di persone che NON sono prenotate o registrate nella lista degli ospiti.<\/p>\n\n\n\n<p>In ogni camera sono a disposizione del cliente articoli sanitari e biancheria da utilizzare esclusivamente all'interno della camera. Non \u00e8 consentito utilizzare biancheria o lenzuola in spiaggia o in altre aree esterne all'alloggio.<\/p>\n\n\n\n<p>\u00c8 vietato spostare o rimuovere qualsiasi oggetto dalle stanze.<\/p>\n\n\n\n<p>L'alloggio viene pulito con un cambio di vestiti ogni 3 giorni. Il cliente pu\u00f2 rifiutare la pulizia dichiarandolo al momento del check-in.<\/p>\n\n\n\n<p>La rete di trattamento e fognatura comunale esistente non raccoglie i rifiuti solidi. Per questo motivo, il cliente deve smaltire tutto nei cestini e mai nella toilette.<\/p>\n\n\n\n<p><strong>5. Letti supplementari<\/strong><\/p>\n\n\n\n<p>Una culla \u00e8 disponibile senza alcun costo aggiuntivo, previa notifica o richiesta nel modulo di prenotazione.<\/p>\n\n\n\n<p>I letti aggiuntivi (ranch), se disponibili, sono forniti senza alcun costo aggiuntivo per le persone incluse nella prenotazione originale.<\/p>\n\n\n\n<p><strong>6. Animali domestici<\/strong><\/p>\n\n\n\n<p>La nostra struttura NON accetta animali domestici.<\/p>\n\n\n\n<p><strong>7. Danni alla camera<\/strong><\/p>\n\n\n\n<p>In caso di danni alla camera, il resto della propriet\u00e0 deve essere dichiarato immediatamente. La direzione ha il diritto di addebitare il danno subito.<\/p>\n\n\n\n<p>In questo caso la direzione pu\u00f2 richiedere il pagamento immediato dell'importo del danno subito dal cliente, altrimenti si riserva tutti i suoi diritti legali.<\/p>\n\n\n\n<p><strong>10. Forza maggiore<\/strong><\/p>\n\n\n\n<p>La nostra struttura ricettiva non si assume alcuna responsabilit\u00e0 nel caso in cui non possa adempiere ai propri obblighi nei confronti del cliente, in tutto o in parte, per cause di forza maggiore (indicativamente interruzione della corrente elettrica, dell'acqua, della telefonia (internet), scioperi, incendi, inondazioni, terremoti, atti di terrorismo ecc.)<\/p>\n\n\n\n<p><strong>11. Perdita di effetti personali.<\/strong><\/p>\n\n\n\n<p>Ogni cliente \u00e8 responsabile della custodia dei propri oggetti personali e\/o di valore per tutta la durata del soggiorno presso la nostra struttura.<\/p>\n\n\n\n<p>Durante la pulizia da parte del personale dell'alloggio, il cliente \u00e8 responsabile della custodia dei propri oggetti personali e\/o di valore.<\/p>\n\n\n\n<p>Per questo motivo, l'alloggio mette a disposizione una piccola cassaforte per custodirli.<\/p>\n\n\n\n<p>Pertanto, la propriet\u00e0 non pu\u00f2 essere ritenuta responsabile di eventuali perdite o danni.<\/p>\n\n\n\n<p>Per gli altri oggetti che ogni cliente porta con s\u00e9, la struttura ricettiva \u00e8 esonerata da qualsiasi responsabilit\u00e0 se il danno o la perdita sono dovuti alla propria negligenza o a quella delle persone che soggiornano presso di essa, che la visitano o che sono al suo servizio.<\/p>\n\n\n\n<p>Inoltre, la struttura ricettiva non \u00e8 responsabile se la perdita o il danno sono dovuti a cause di forza maggiore (terremoto, incendio, ecc.) o alla particolare natura dell'oggetto.<\/p>\n\n\n\n<p><strong>12. Legge applicabile<\/strong><\/p>\n\n\n\n<p>12.Legge applicabileI presenti termini sono disciplinati dalla legge greca e l'autorit\u00e0 competente per la risoluzione di qualsiasi controversia derivante da essi \u00e8 esclusivamente il tribunale.<\/p>","protected":false},"excerpt":{"rendered":"<p>1. Reservations By making a reservation, you indicate full knowledge and acceptance of the accommodation&#8217;s accommodation, booking, payment and cancellation policies. The posted prices include all legal taxes and are in euros, per night. 2. Advance payments Depositing the advance payment and sending the corresponding receipt must be done when submitting the reservation form on [&hellip;]<\/p>","protected":false},"author":1,"featured_media":0,"parent":0,"menu_order":0,"comment_status":"closed","ping_status":"closed","template":"","meta":{"inline_featured_image":false,"footnotes":""},"_links":{"self":[{"href":"https:\/\/villasenecio.gr\/it\/wp-json\/wp\/v2\/pages\/66"}],"collection":[{"href":"https:\/\/villasenecio.gr\/it\/wp-json\/wp\/v2\/pages"}],"about":[{"href":"https:\/\/villasenecio.gr\/it\/wp-json\/wp\/v2\/types\/page"}],"author":[{"embeddable":true,"href":"https:\/\/villasenecio.gr\/it\/wp-json\/wp\/v2\/users\/1"}],"replies":[{"embeddable":true,"href":"https:\/\/villasenecio.gr\/it\/wp-json\/wp\/v2\/comments?post=66"}],"version-history":[{"count":3,"href":"https:\/\/villasenecio.gr\/it\/wp-json\/wp\/v2\/pages\/66\/revisions"}],"predecessor-version":[{"id":2427,"href":"https:\/\/villasenecio.gr\/it\/wp-json\/wp\/v2\/pages\/66\/revisions\/2427"}],"wp:attachment":[{"href":"https:\/\/villasenecio.gr\/it\/wp-json\/wp\/v2\/media?parent=66"}],"curies":[{"name":"wp","href":"https:\/\/api.w.org\/{rel}","templated":true}]}}